{"id":9,"date":"2022-05-02T23:58:08","date_gmt":"2022-05-02T20:58:08","guid":{"rendered":"https:\/\/gofiltd.com\/index.php\/sepet\/"},"modified":"2022-05-02T23:58:08","modified_gmt":"2022-05-02T20:58:08","slug":"sepet","status":"publish","type":"page","link":"https:\/\/gofiltd.com\/index.php\/sepet\/","title":{"rendered":"Sepet"},"content":{"rendered":"\n","protected":false},"excerpt":{"rendered":"","protected":false},"author":1,"featured_media":0,"parent":0,"menu_order":0,"comment_status":"closed","ping_status":"closed","template":"","meta":{"footnotes":""},"class_list":["post-9","page","type-page","status-publish","hentry"],"yoast_head":"<!-- This site is optimized with the Yoast SEO plugin v18.6 - https:\/\/yoast.com\/wordpress\/plugins\/seo\/ -->\n<title>Sepet - GOF\u0130 YAZILIM TUR\u0130ZM \u0130N\u015eAAT LTD<\/title>\n<meta name=\"robots\" content=\"index, follow, max-snippet:-1, max-image-preview:large, max-video-preview:-1\" \/>\n<link rel=\"canonical\" href=\"https:\/\/gofiltd.com\/index.php\/sepet\/\" \/>\n<meta property=\"og:locale\" content=\"tr_TR\" \/>\n<meta property=\"og:type\" content=\"article\" \/>\n<meta property=\"og:title\" content=\"Sepet - GOF\u0130 YAZILIM TUR\u0130ZM \u0130N\u015eAAT LTD\" \/>\n<meta property=\"og:url\" content=\"https:\/\/gofiltd.com\/index.php\/sepet\/\" \/>\n<meta property=\"og:site_name\" content=\"GOF\u0130 YAZILIM TUR\u0130ZM \u0130N\u015eAAT LTD\" \/>\n<meta name=\"twitter:card\" content=\"summary_large_image\" \/>\n<script type=\"application\/ld+json\" class=\"yoast-schema-graph\">{\"@context\":\"https:\/\/schema.org\",\"@graph\":[{\"@type\":\"WebSite\",\"@id\":\"https:\/\/gofiltd.com\/#website\",\"url\":\"https:\/\/gofiltd.com\/\",\"name\":\"GOF\u0130 YAZILIM TUR\u0130ZM \u0130N\u015eAAT LTD\",\"description\":\"Yapay Zeka Projelerinizde Yan\u0131n\u0131zday\u0131z\",\"potentialAction\":[{\"@type\":\"SearchAction\",\"target\":{\"@type\":\"EntryPoint\",\"urlTemplate\":\"https:\/\/gofiltd.com\/?s={search_term_string}\"},\"query-input\":\"required name=search_term_string\"}],\"inLanguage\":\"tr\"},{\"@type\":\"WebPage\",\"@id\":\"https:\/\/gofiltd.com\/index.php\/sepet\/#webpage\",\"url\":\"https:\/\/gofiltd.com\/index.php\/sepet\/\",\"name\":\"Sepet - GOF\u0130 YAZILIM TUR\u0130ZM \u0130N\u015eAAT LTD\",\"isPartOf\":{\"@id\":\"https:\/\/gofiltd.com\/#website\"},\"datePublished\":\"2022-05-02T20:58:08+00:00\",\"dateModified\":\"2022-05-02T20:58:08+00:00\",\"breadcrumb\":{\"@id\":\"https:\/\/gofiltd.com\/index.php\/sepet\/#breadcrumb\"},\"inLanguage\":\"tr\",\"potentialAction\":[{\"@type\":\"ReadAction\",\"target\":[\"https:\/\/gofiltd.com\/index.php\/sepet\/\"]}]},{\"@type\":\"BreadcrumbList\",\"@id\":\"https:\/\/gofiltd.com\/index.php\/sepet\/#breadcrumb\",\"itemListElement\":[{\"@type\":\"ListItem\",\"position\":1,\"name\":\"Anasayfa\",\"item\":\"https:\/\/gofiltd.com\/\"},{\"@type\":\"ListItem\",\"position\":2,\"name\":\"Sepet\"}]}]}<\/script>\n<!-- \/ Yoast SEO plugin. -->","yoast_head_json":{"title":"Sepet - GOF\u0130 YAZILIM TUR\u0130ZM \u0130N\u015eAAT LTD","robots":{"index":"index","follow":"follow","max-snippet":"max-snippet:-1","max-image-preview":"max-image-preview:large","max-video-preview":"max-video-preview:-1"},"canonical":"https:\/\/gofiltd.com\/index.php\/sepet\/","og_locale":"tr_TR","og_type":"article","og_title":"Sepet - GOF\u0130 YAZILIM TUR\u0130ZM \u0130N\u015eAAT LTD","og_url":"https:\/\/gofiltd.com\/index.php\/sepet\/","og_site_name":"GOF\u0130 YAZILIM TUR\u0130ZM \u0130N\u015eAAT LTD","twitter_card":"summary_large_image","schema":{"@context":"https:\/\/schema.org","@graph":[{"@type":"WebSite","@id":"https:\/\/gofiltd.com\/#website","url":"https:\/\/gofiltd.com\/","name":"GOF\u0130 YAZILIM TUR\u0130ZM \u0130N\u015eAAT LTD","description":"Yapay Zeka Projelerinizde Yan\u0131n\u0131zday\u0131z","potentialAction":[{"@type":"SearchAction","target":{"@type":"EntryPoint","urlTemplate":"https:\/\/gofiltd.com\/?s={search_term_string}"},"query-input":"required name=search_term_string"}],"inLanguage":"tr"},{"@type":"WebPage","@id":"https:\/\/gofiltd.com\/index.php\/sepet\/#webpage","url":"https:\/\/gofiltd.com\/index.php\/sepet\/","name":"Sepet - GOF\u0130 YAZILIM TUR\u0130ZM \u0130N\u015eAAT LTD","isPartOf":{"@id":"https:\/\/gofiltd.com\/#website"},"datePublished":"2022-05-02T20:58:08+00:00","dateModified":"2022-05-02T20:58:08+00:00","breadcrumb":{"@id":"https:\/\/gofiltd.com\/index.php\/sepet\/#breadcrumb"},"inLanguage":"tr","potentialAction":[{"@type":"ReadAction","target":["https:\/\/gofiltd.com\/index.php\/sepet\/"]}]},{"@type":"BreadcrumbList","@id":"https:\/\/gofiltd.com\/index.php\/sepet\/#breadcrumb","itemListElement":[{"@type":"ListItem","position":1,"name":"Anasayfa","item":"https:\/\/gofiltd.com\/"},{"@type":"ListItem","position":2,"name":"Sepet"}]}]}},"_links":{"self":[{"href":"https:\/\/gofiltd.com\/index.php\/wp-json\/wp\/v2\/pages\/9","targetHints":{"allow":["GET"]}}],"collection":[{"href":"https:\/\/gofiltd.com\/index.php\/wp-json\/wp\/v2\/pages"}],"about":[{"href":"https:\/\/gofiltd.com\/index.php\/wp-json\/wp\/v2\/types\/page"}],"author":[{"embeddable":true,"href":"https:\/\/gofiltd.com\/index.php\/wp-json\/wp\/v2\/users\/1"}],"replies":[{"embeddable":true,"href":"https:\/\/gofiltd.com\/index.php\/wp-json\/wp\/v2\/comments?post=9"}],"version-history":[{"count":0,"href":"https:\/\/gofiltd.com\/index.php\/wp-json\/wp\/v2\/pages\/9\/revisions"}],"wp:attachment":[{"href":"https:\/\/gofiltd.com\/index.php\/wp-json\/wp\/v2\/media?parent=9"}],"curies":[{"name":"wp","href":"https:\/\/api.w.org\/{rel}","templated":true}]}}